{"id":135,"date":"2025-04-30T14:43:17","date_gmt":"2025-04-30T14:43:17","guid":{"rendered":"https:\/\/daytoursgreece.com\/?page_id=135"},"modified":"2025-05-26T11:26:54","modified_gmt":"2025-05-26T11:26:54","slug":"rezervuoti","status":"publish","type":"page","link":"https:\/\/daytoursgreece.com\/en\/rezervuoti\/","title":{"rendered":"Book a tour"},"content":{"rendered":"<div data-elementor-type=\"wp-page\" data-elementor-id=\"135\" class=\"elementor elementor-135\" data-elementor-post-type=\"page\">\n\t\t\t\t<div class=\"elementor-element elementor-element-beda484 e-flex e-con-boxed e-con e-parent\" data-id=\"beda484\" data-element_type=\"container\" data-e-type=\"container\">\n\t\t\t\t\t<div class=\"e-con-inner\">\n\t\t\t\t<div class=\"elementor-element elementor-element-ceb235f elementor-widget elementor-widget-html\" data-id=\"ceb235f\" data-element_type=\"widget\" data-e-type=\"widget\" data-widget_type=\"html.default\">\n\t\t\t\t<div class=\"elementor-widget-container\">\n\t\t\t\t\t<script type=\"text\/javascript\" src=\"https:\/\/bookeo.com\/widget.js?a=42560WE6TX3196902EA0DA\"><\/script>\t\t\t\t<\/div>\n\t\t\t\t<\/div>\n\t\t\t\t\t<\/div>\n\t\t\t\t<\/div>\n\t\t\t\t<\/div>","protected":false},"excerpt":{"rendered":"","protected":false},"author":3,"featured_media":0,"parent":0,"menu_order":0,"comment_status":"closed","ping_status":"closed","template":"","meta":{"footnotes":""},"class_list":["post-135","page","type-page","status-publish","hentry"],"yoast_head":"<!-- This site is optimized with the Yoast SEO Premium plugin v24.7 (Yoast SEO v24.7) - https:\/\/yoast.com\/wordpress\/plugins\/seo\/ -->\n<title>Rezervuoti | Ekskursijos Graikijoje<\/title>\n<meta name=\"robots\" content=\"index, follow, max-snippet:-1, max-image-preview:large, max-video-preview:-1\" \/>\n<link rel=\"canonical\" href=\"https:\/\/daytoursgreece.com\/en\/rezervuoti\/\" \/>\n<meta property=\"og:locale\" content=\"en_US\" \/>\n<meta property=\"og:type\" content=\"article\" \/>\n<meta property=\"og:title\" content=\"Rezervuoti\" \/>\n<meta property=\"og:url\" content=\"https:\/\/daytoursgreece.com\/en\/rezervuoti\/\" \/>\n<meta property=\"og:site_name\" content=\"Ekskursijos Graikijoje\" \/>\n<meta property=\"article:publisher\" content=\"https:\/\/www.facebook.com\/kaikaryte\" \/>\n<meta property=\"article:modified_time\" content=\"2025-05-26T11:26:54+00:00\" \/>\n<meta property=\"og:image\" content=\"https:\/\/daytoursgreece.com\/wp-content\/uploads\/2025\/05\/LefkadosGrozis.webp\" \/>\n\t<meta property=\"og:image:width\" content=\"1280\" \/>\n\t<meta property=\"og:image:height\" content=\"853\" \/>\n\t<meta property=\"og:image:type\" content=\"image\/webp\" \/>\n<meta name=\"twitter:card\" content=\"summary_large_image\" \/>\n<script type=\"application\/ld+json\" class=\"yoast-schema-graph\">{\"@context\":\"https:\/\/schema.org\",\"@graph\":[{\"@type\":\"WebPage\",\"@id\":\"https:\/\/daytoursgreece.com\/rezervuoti\/\",\"url\":\"https:\/\/daytoursgreece.com\/rezervuoti\/\",\"name\":\"Rezervuoti | Ekskursijos Graikijoje\",\"isPartOf\":{\"@id\":\"https:\/\/daytoursgreece.com\/#website\"},\"datePublished\":\"2025-04-30T14:43:17+00:00\",\"dateModified\":\"2025-05-26T11:26:54+00:00\",\"breadcrumb\":{\"@id\":\"https:\/\/daytoursgreece.com\/rezervuoti\/#breadcrumb\"},\"inLanguage\":\"en-US\",\"potentialAction\":[{\"@type\":\"ReadAction\",\"target\":[\"https:\/\/daytoursgreece.com\/rezervuoti\/\"]}]},{\"@type\":\"BreadcrumbList\",\"@id\":\"https:\/\/daytoursgreece.com\/rezervuoti\/#breadcrumb\",\"itemListElement\":[{\"@type\":\"ListItem\",\"position\":1,\"name\":\"Home\",\"item\":\"https:\/\/daytoursgreece.com\/\"},{\"@type\":\"ListItem\",\"position\":2,\"name\":\"Rezervuoti\"}]},{\"@type\":\"WebSite\",\"@id\":\"https:\/\/daytoursgreece.com\/#website\",\"url\":\"https:\/\/daytoursgreece.com\/\",\"name\":\"Ekskursijos Graikijoje\",\"description\":\"Ekskursijos Graikijoje su gidu \u2013 nepamir\u0161tamos patirtys.\",\"publisher\":{\"@id\":\"https:\/\/daytoursgreece.com\/#organization\"},\"potentialAction\":[{\"@type\":\"SearchAction\",\"target\":{\"@type\":\"EntryPoint\",\"urlTemplate\":\"https:\/\/daytoursgreece.com\/?s={search_term_string}\"},\"query-input\":{\"@type\":\"PropertyValueSpecification\",\"valueRequired\":true,\"valueName\":\"search_term_string\"}}],\"inLanguage\":\"en-US\"},{\"@type\":\"Organization\",\"@id\":\"https:\/\/daytoursgreece.com\/#organization\",\"name\":\"Ekskursijos Graikijoje\",\"url\":\"https:\/\/daytoursgreece.com\/\",\"logo\":{\"@type\":\"ImageObject\",\"inLanguage\":\"en-US\",\"@id\":\"https:\/\/daytoursgreece.com\/#\/schema\/logo\/image\/\",\"url\":\"https:\/\/daytoursgreece.com\/wp-content\/uploads\/2025\/04\/DayToursGreece-1.webp\",\"contentUrl\":\"https:\/\/daytoursgreece.com\/wp-content\/uploads\/2025\/04\/DayToursGreece-1.webp\",\"width\":224,\"height\":250,\"caption\":\"Ekskursijos Graikijoje\"},\"image\":{\"@id\":\"https:\/\/daytoursgreece.com\/#\/schema\/logo\/image\/\"},\"sameAs\":[\"https:\/\/www.facebook.com\/kaikaryte\",\"https:\/\/www.instagram.com\/laurakaikarytemoysidou\/\"],\"description\":\"Esame turizmo profesional\u0173 komanda Graikijoje, kurie kuria dienos keliones kaip istorijas. Jei atostogauji At\u0117nuose ar Peloponese, keliauk su mumis. M\u016bs\u0173 autenti\u0161kos dienos keliones tiems, kurie nori pamatyti daugiau nei atvirukus. Graikija \u2013 ne tik apie istorij\u0105 ir papl\u016bdimius ar salas. Tai vietini\u0173 \u017emoni\u0173 \u0161ypsenos, r\u016bpesnis, graiki\u0161kas gyvenimo b\u016bdas. Graikija dalijam\u0117s taip, kad trumpam pasijustum\u0117te graikais. Kalbame lietuvi\u0161kai, graiki\u0161kai, angli\u0161kai ir rusi\u0161kai. O m\u016bs\u0173 tikslas vienas: leisti jums pa\u017einti \u0161al\u012f \u0161irdimi.\",\"email\":\"info@daytoursgreece.com\",\"telephone\":\"+306981040441\",\"legalName\":\"Day Tours in Greece\",\"foundingDate\":\"2020-03-17\",\"numberOfEmployees\":{\"@type\":\"QuantitativeValue\",\"minValue\":\"1\",\"maxValue\":\"10\"}}]}<\/script>\n<!-- \/ Yoast SEO Premium plugin. -->","yoast_head_json":{"title":"Rezervuoti | Ekskursijos Graikijoje","robots":{"index":"index","follow":"follow","max-snippet":"max-snippet:-1","max-image-preview":"max-image-preview:large","max-video-preview":"max-video-preview:-1"},"canonical":"https:\/\/daytoursgreece.com\/en\/rezervuoti\/","og_locale":"en_US","og_type":"article","og_title":"Rezervuoti","og_url":"https:\/\/daytoursgreece.com\/en\/rezervuoti\/","og_site_name":"Ekskursijos Graikijoje","article_publisher":"https:\/\/www.facebook.com\/kaikaryte","article_modified_time":"2025-05-26T11:26:54+00:00","og_image":[{"width":1280,"height":853,"url":"https:\/\/daytoursgreece.com\/wp-content\/uploads\/2025\/05\/LefkadosGrozis.webp","type":"image\/webp"}],"twitter_card":"summary_large_image","schema":{"@context":"https:\/\/schema.org","@graph":[{"@type":"WebPage","@id":"https:\/\/daytoursgreece.com\/rezervuoti\/","url":"https:\/\/daytoursgreece.com\/rezervuoti\/","name":"Rezervuoti | Ekskursijos Graikijoje","isPartOf":{"@id":"https:\/\/daytoursgreece.com\/#website"},"datePublished":"2025-04-30T14:43:17+00:00","dateModified":"2025-05-26T11:26:54+00:00","breadcrumb":{"@id":"https:\/\/daytoursgreece.com\/rezervuoti\/#breadcrumb"},"inLanguage":"en-US","potentialAction":[{"@type":"ReadAction","target":["https:\/\/daytoursgreece.com\/rezervuoti\/"]}]},{"@type":"BreadcrumbList","@id":"https:\/\/daytoursgreece.com\/rezervuoti\/#breadcrumb","itemListElement":[{"@type":"ListItem","position":1,"name":"Home","item":"https:\/\/daytoursgreece.com\/"},{"@type":"ListItem","position":2,"name":"Rezervuoti"}]},{"@type":"WebSite","@id":"https:\/\/daytoursgreece.com\/#website","url":"https:\/\/daytoursgreece.com\/","name":"Ekskursijos Graikijoje","description":"Ekskursijos Graikijoje su gidu \u2013 nepamir\u0161tamos patirtys.","publisher":{"@id":"https:\/\/daytoursgreece.com\/#organization"},"potentialAction":[{"@type":"SearchAction","target":{"@type":"EntryPoint","urlTemplate":"https:\/\/daytoursgreece.com\/?s={search_term_string}"},"query-input":{"@type":"PropertyValueSpecification","valueRequired":true,"valueName":"search_term_string"}}],"inLanguage":"en-US"},{"@type":"Organization","@id":"https:\/\/daytoursgreece.com\/#organization","name":"Ekskursijos Graikijoje","url":"https:\/\/daytoursgreece.com\/","logo":{"@type":"ImageObject","inLanguage":"en-US","@id":"https:\/\/daytoursgreece.com\/#\/schema\/logo\/image\/","url":"https:\/\/daytoursgreece.com\/wp-content\/uploads\/2025\/04\/DayToursGreece-1.webp","contentUrl":"https:\/\/daytoursgreece.com\/wp-content\/uploads\/2025\/04\/DayToursGreece-1.webp","width":224,"height":250,"caption":"Ekskursijos Graikijoje"},"image":{"@id":"https:\/\/daytoursgreece.com\/#\/schema\/logo\/image\/"},"sameAs":["https:\/\/www.facebook.com\/kaikaryte","https:\/\/www.instagram.com\/laurakaikarytemoysidou\/"],"description":"Esame turizmo profesional\u0173 komanda Graikijoje, kurie kuria dienos keliones kaip istorijas. Jei atostogauji At\u0117nuose ar Peloponese, keliauk su mumis. M\u016bs\u0173 autenti\u0161kos dienos keliones tiems, kurie nori pamatyti daugiau nei atvirukus. Graikija \u2013 ne tik apie istorij\u0105 ir papl\u016bdimius ar salas. Tai vietini\u0173 \u017emoni\u0173 \u0161ypsenos, r\u016bpesnis, graiki\u0161kas gyvenimo b\u016bdas. Graikija dalijam\u0117s taip, kad trumpam pasijustum\u0117te graikais. Kalbame lietuvi\u0161kai, graiki\u0161kai, angli\u0161kai ir rusi\u0161kai. O m\u016bs\u0173 tikslas vienas: leisti jums pa\u017einti \u0161al\u012f \u0161irdimi.","email":"info@daytoursgreece.com","telephone":"+306981040441","legalName":"Day Tours in Greece","foundingDate":"2020-03-17","numberOfEmployees":{"@type":"QuantitativeValue","minValue":"1","maxValue":"10"}}]}},"_links":{"self":[{"href":"https:\/\/daytoursgreece.com\/en\/wp-json\/wp\/v2\/pages\/135","targetHints":{"allow":["GET"]}}],"collection":[{"href":"https:\/\/daytoursgreece.com\/en\/wp-json\/wp\/v2\/pages"}],"about":[{"href":"https:\/\/daytoursgreece.com\/en\/wp-json\/wp\/v2\/types\/page"}],"author":[{"embeddable":true,"href":"https:\/\/daytoursgreece.com\/en\/wp-json\/wp\/v2\/users\/3"}],"replies":[{"embeddable":true,"href":"https:\/\/daytoursgreece.com\/en\/wp-json\/wp\/v2\/comments?post=135"}],"version-history":[{"count":7,"href":"https:\/\/daytoursgreece.com\/en\/wp-json\/wp\/v2\/pages\/135\/revisions"}],"predecessor-version":[{"id":1843,"href":"https:\/\/daytoursgreece.com\/en\/wp-json\/wp\/v2\/pages\/135\/revisions\/1843"}],"wp:attachment":[{"href":"https:\/\/daytoursgreece.com\/en\/wp-json\/wp\/v2\/media?parent=135"}],"curies":[{"name":"wp","href":"https:\/\/api.w.org\/{rel}","templated":true}]}}